{"id":10,"date":"2024-12-02T14:02:48","date_gmt":"2024-12-02T14:02:48","guid":{"rendered":"https:\/\/terrazalacurva.fpymeayp.com\/?page_id=10"},"modified":"2025-05-05T15:54:25","modified_gmt":"2025-05-05T15:54:25","slug":"inicio","status":"publish","type":"page","link":"https:\/\/terrazalacurva.fpymeayp.com\/","title":{"rendered":"Inicio"},"content":{"rendered":"<p>[et_pb_section fb_built=\u00bb1&#8243; custom_padding_last_edited=\u00bbon|phone\u00bb admin_label=\u00bbHeader\u00bb _builder_version=\u00bb4.27.3&#8243; _module_preset=\u00bbdefault\u00bb background_color=\u00bb#000000&#8243; background_enable_image=\u00bboff\u00bb background_blend=\u00bbmultiply\u00bb custom_margin_tablet=\u00bb||||false|false\u00bb custom_margin_phone=\u00bb0px||||false|false\u00bb custom_margin_last_edited=\u00bbon|phone\u00bb custom_padding=\u00bb26vw||10vw||false|false\u00bb custom_padding_tablet=\u00bb32vw||122px||false|false\u00bb custom_padding_phone=\u00bb35vw||50px||false|false\u00bb collapsed=\u00bbon\u00bb global_colors_info=\u00bb{}\u00bb][et_pb_row _builder_version=\u00bb4.27.3&#8243; _module_preset=\u00bbdefault\u00bb width_tablet=\u00bb\u00bb width_phone=\u00bb100%\u00bb width_last_edited=\u00bbon|phone\u00bb max_width_tablet=\u00bb\u00bb max_width_phone=\u00bb2560%\u00bb max_width_last_edited=\u00bbon|phone\u00bb custom_margin_tablet=\u00bb\u00bb custom_margin_phone=\u00bb24px||||false|false\u00bb custom_margin_last_edited=\u00bbon|phone\u00bb global_colors_info=\u00bb{}\u00bb][et_pb_column type=\u00bb4_4&#8243; _builder_version=\u00bb4.21.0&#8243; _module_preset=\u00bbdefault\u00bb global_colors_info=\u00bb{}\u00bb][et_pb_image src=\u00bbhttps:\/\/terrazalacurva.fpymeayp.com\/wp-content\/uploads\/2024\/12\/LOGO-TERRAZA-LA-CURVA-04.png\u00bb title_text=\u00bbLOGO TERRAZA LA CURVA-04&#8243; _builder_version=\u00bb4.27.3&#8243; _module_preset=\u00bbdefault\u00bb width=\u00bb49%\u00bb width_tablet=\u00bb65%\u00bb width_phone=\u00bb62%\u00bb width_last_edited=\u00bbon|phone\u00bb module_alignment=\u00bbcenter\u00bb custom_margin=\u00bb-73px|275px|-1px|||\u00bb custom_margin_tablet=\u00bb-17px||||false|false\u00bb custom_margin_phone=\u00bb0px||||false|false\u00bb custom_margin_last_edited=\u00bbon|phone\u00bb custom_padding=\u00bb10px|||||\u00bb custom_padding_tablet=\u00bb10px|||||\u00bb custom_padding_phone=\u00bb0px||||false|false\u00bb custom_padding_last_edited=\u00bbon|phone\u00bb global_colors_info=\u00bb{}\u00bb][\/et_pb_image][\/et_pb_column][\/et_pb_row][et_pb_row _builder_version=\u00bb4.27.3&#8243; _module_preset=\u00bbdefault\u00bb custom_margin=\u00bb56px|auto||auto||\u00bb custom_margin_tablet=\u00bb165px|auto||auto||\u00bb custom_margin_phone=\u00bb24px|auto||auto|false|false\u00bb custom_margin_last_edited=\u00bbon|phone\u00bb custom_padding=\u00bb0px||||false|false\u00bb global_colors_info=\u00bb{}\u00bb][et_pb_column type=\u00bb4_4&#8243; _builder_version=\u00bb4.21.0&#8243; _module_preset=\u00bbdefault\u00bb global_colors_info=\u00bb{}\u00bb][et_pb_text _builder_version=\u00bb4.27.3&#8243; _module_preset=\u00bb16883170-2cb8-4448-988d-d7675b331de4&#8243; header_2_font=\u00bbGilda Display||||||||\u00bb header_2_text_color=\u00bb#FFFFFF\u00bb header_2_font_size=\u00bb38px\u00bb text_orientation=\u00bbcenter\u00bb custom_margin=\u00bb-29px||166px||false|false\u00bb custom_margin_tablet=\u00bb24px||113px||false|false\u00bb custom_margin_phone=\u00bb||61px||false|false\u00bb custom_margin_last_edited=\u00bbon|tablet\u00bb custom_padding=\u00bb7px|||||\u00bb custom_padding_tablet=\u00bb13px||||false|false\u00bb custom_padding_phone=\u00bb13px||||false|false\u00bb custom_padding_last_edited=\u00bbon|tablet\u00bb header_2_font_size_tablet=\u00bb29px\u00bb header_2_font_size_phone=\u00bb18px\u00bb global_colors_info=\u00bb{}\u00bb]<\/p>\n<h2>PLATOS A LA CARTA<\/h2>\n<p>[\/et_pb_text][\/et_pb_column][\/et_pb_row][et_pb_row _builder_version=\u00bb4.27.3&#8243; _module_preset=\u00bbdefault\u00bb global_colors_info=\u00bb{}\u00bb][et_pb_column type=\u00bb4_4&#8243; _builder_version=\u00bb4.27.3&#8243; _module_preset=\u00bbdefault\u00bb global_colors_info=\u00bb{}\u00bb][et_pb_social_media_follow _builder_version=\u00bb4.27.3&#8243; _module_preset=\u00bbdefault\u00bb text_orientation=\u00bbcenter\u00bb global_colors_info=\u00bb{}\u00bb][et_pb_social_media_follow_network social_network=\u00bbfacebook\u00bb url=\u00bbhttps:\/\/www.facebook.com\/profile.php?id=100065206860046&#8243; icon_color=\u00bb#000000&#8243; use_icon_font_size=\u00bbon\u00bb icon_font_size=\u00bb21px\u00bb icon_font_size_tablet=\u00bb21px\u00bb icon_font_size_phone=\u00bb18px\u00bb icon_font_size_last_edited=\u00bbon|phone\u00bb _builder_version=\u00bb4.27.3&#8243; _module_preset=\u00bbdefault\u00bb background_color=\u00bb#FFFFFF\u00bb background_enable_color=\u00bbon\u00bb border_radii=\u00bbon|6px|6px|6px|6px\u00bb border_width_all=\u00bb1px\u00bb border_color_all=\u00bb#FFFFFF\u00bb global_colors_info=\u00bb{}\u00bb follow_button=\u00bboff\u00bb url_new_window=\u00bbon\u00bb]facebook[\/et_pb_social_media_follow_network][et_pb_social_media_follow_network social_network=\u00bbinstagram\u00bb url=\u00bbhttps:\/\/www.instagram.com\/terrazalacurva\/\u00bb use_icon_font_size=\u00bbon\u00bb icon_font_size=\u00bb21px\u00bb icon_font_size_tablet=\u00bb21px\u00bb icon_font_size_phone=\u00bb18px\u00bb icon_font_size_last_edited=\u00bbon|phone\u00bb _builder_version=\u00bb4.27.3&#8243; _module_preset=\u00bbdefault\u00bb background_enable_color=\u00bboff\u00bb border_radii=\u00bbon|6px|6px|6px|6px\u00bb border_width_all=\u00bb1px\u00bb border_color_all=\u00bb#FFFFFF\u00bb global_colors_info=\u00bb{}\u00bb follow_button=\u00bboff\u00bb url_new_window=\u00bbon\u00bb]instagram[\/et_pb_social_media_follow_network][\/et_pb_social_media_follow][et_pb_text _builder_version=\u00bb4.27.3&#8243; _module_preset=\u00bbdefault\u00bb text_font=\u00bbGilda Display||||||||\u00bb text_text_color=\u00bb#FFFFFF\u00bb text_orientation=\u00bbcenter\u00bb custom_margin=\u00bb||4px|||\u00bb global_colors_info=\u00bb{}\u00bb]<\/p>\n<p>TERRAZA LA CURVA<\/p>\n<p>[\/et_pb_text][et_pb_blurb title=\u00bb+569 787900723 \/ +569 64953646&#8243; icon_placement=\u00bbleft\u00bb _builder_version=\u00bb4.27.3&#8243; _module_preset=\u00bbdefault\u00bb header_text_align=\u00bbcenter\u00bb header_text_color=\u00bb#FFFFFF\u00bb header_line_height=\u00bb2em\u00bb image_icon_custom_margin=\u00bb|||221px|false|false\u00bb custom_margin=\u00bb||1px|||\u00bb custom_padding=\u00bb|0px|||false|false\u00bb custom_padding_tablet=\u00bb|255px||||\u00bb custom_padding_phone=\u00bb|21px|||false|false\u00bb custom_padding_last_edited=\u00bbon|phone\u00bb header_text_align_tablet=\u00bbcenter\u00bb header_text_align_phone=\u00bbcenter\u00bb header_text_align_last_edited=\u00bbon|phone\u00bb header_font_size_tablet=\u00bb\u00bb header_font_size_phone=\u00bb11px\u00bb header_font_size_last_edited=\u00bbon|phone\u00bb global_colors_info=\u00bb{}\u00bb][\/et_pb_blurb][et_pb_divider color=\u00bb#cba757&#8243; divider_weight=\u00bb2px\u00bb _builder_version=\u00bb4.27.3&#8243; _module_preset=\u00bbdefault\u00bb width=\u00bb23%\u00bb module_alignment=\u00bbcenter\u00bb custom_margin=\u00bb||-3px|||\u00bb global_colors_info=\u00bb{}\u00bb][\/et_pb_divider][et_pb_text _builder_version=\u00bb4.27.3&#8243; _module_preset=\u00bbdefault\u00bb text_font=\u00bbGilda Display||||||||\u00bb text_text_color=\u00bb#FFFFFF\u00bb text_font_size=\u00bb19px\u00bb text_orientation=\u00bbcenter\u00bb custom_margin=\u00bb||4px|||\u00bb text_font_size_tablet=\u00bb19px\u00bb text_font_size_phone=\u00bb14px\u00bb text_font_size_last_edited=\u00bbon|phone\u00bb global_colors_info=\u00bb{}\u00bb]<\/p>\n<p>VALLE DE AZAPA KM 6 Y MEDIO<\/p>\n<p>[\/et_pb_text][\/et_pb_column][\/et_pb_row][\/et_pb_section][et_pb_section fb_built=\u00bb1&#8243; admin_label=\u00bbMenu\u00bb _builder_version=\u00bb4.27.3&#8243; _module_preset=\u00bbdefault\u00bb background_color=\u00bb#000000&#8243; background_enable_image=\u00bboff\u00bb background_size=\u00bbcustom\u00bb background_image_width=\u00bb0%\u00bb background_image_height=\u00bb0%\u00bb background_repeat=\u00bbround\u00bb background_blend=\u00bbmultiply\u00bb custom_margin=\u00bb||||false|false\u00bb custom_margin_last_edited=\u00bboff|desktop\u00bb custom_padding=\u00bb20px|||||\u00bb border_width_top=\u00bb1px\u00bb border_color_top=\u00bb#FFFFFF\u00bb collapsed=\u00bbon\u00bb global_colors_info=\u00bb{}\u00bb][et_pb_row _builder_version=\u00bb4.27.3&#8243; _module_preset=\u00bbdefault\u00bb global_colors_info=\u00bb{}\u00bb][et_pb_column type=\u00bb4_4&#8243; _builder_version=\u00bb4.27.3&#8243; _module_preset=\u00bbdefault\u00bb global_colors_info=\u00bb{}\u00bb][et_pb_image src=\u00bbhttps:\/\/terrazalacurva.fpymeayp.com\/wp-content\/uploads\/2024\/12\/LOGO-TERRAZA-LA-CURVA-04.png\u00bb title_text=\u00bbLOGO TERRAZA LA CURVA-04&#8243; align=\u00bbcenter\u00bb _builder_version=\u00bb4.27.3&#8243; _module_preset=\u00bbdefault\u00bb width=\u00bb32%\u00bb width_tablet=\u00bb44%\u00bb width_phone=\u00bb41%\u00bb width_last_edited=\u00bbon|tablet\u00bb global_colors_info=\u00bb{}\u00bb][\/et_pb_image][\/et_pb_column][\/et_pb_row][et_pb_row _builder_version=\u00bb4.27.3&#8243; _module_preset=\u00bbdefault\u00bb global_colors_info=\u00bb{}\u00bb][et_pb_column type=\u00bb4_4&#8243; _builder_version=\u00bb4.27.3&#8243; _module_preset=\u00bbdefault\u00bb global_colors_info=\u00bb{}\u00bb][et_pb_accordion _builder_version=\u00bb4.27.3&#8243; _module_preset=\u00bbdefault\u00bb toggle_font_size_tablet=\u00bb\u00bb toggle_font_size_phone=\u00bb15px\u00bb toggle_font_size_last_edited=\u00bbon|phone\u00bb global_colors_info=\u00bb{}\u00bb][et_pb_accordion_item title=\u00bbCARNES\u00bb open=\u00bbon\u00bb open_toggle_text_color=\u00bb#000000&#8243; _builder_version=\u00bb4.27.3&#8243; _module_preset=\u00bbdefault\u00bb global_colors_info=\u00bb{}\u00bb toggle_text_color=\u00bb#000000&#8243; toggle_font=\u00bb|700|||||||\u00bb]<\/p>\n<p><em><strong>&#8211; Lomo salteado $15.000<\/strong><\/em><strong><br \/><\/strong>cortes de lomo flameados con cebolla,tomate, servidos junto a crocantes papas fritas y graneado arroz.<\/p>\n<p><em><strong>&#8211; Fetuchini en salsa (a elecci\u00f3n) acompa\u00f1ados de lomo salteado $15.000<\/strong><\/em><br \/>cl\u00e1sico a base de filete saltado con pasta italiana de fetuchinni en crema huanca\u00edna o salsa alfredo.<\/p>\n<p><em><strong>&#8211; Lomo a lo pobre\u00a0 $15.000<\/strong><\/em><br \/>Filete de lomo cocinado a fuego lento, acompa\u00f1ado de arroz perla, papas fritas, cebolla caramelizada y huevo frito.<\/p>\n<p><em><strong>&#8211; Lomo con salsa de Mariscos\u00a0 $15.000<\/strong><\/em><br \/>filete de lomo a la plancha, cubierta de salsa de la casa con mariscos surtidos (con o sin picante) acompa\u00f1ado de papas doradas<\/p>\n<p><em><strong>&#8211; Churrasco a lo pobre\u00a0 $7.500<\/strong><\/em><br \/>Laminas de churrasco, acompa\u00f1ado de arroz perla, papas fritas, cebolla caramelizada y huevo frito.<\/p>\n<p><em><strong>&#8211; Carne salteada\u00a0 $8.000<\/strong><\/em><br \/>Carne de res acompa\u00f1adas de cebolla,tomate, papas fritas y arroz.<\/p>\n<p><em><strong>&#8211; Chuleta de cerdo $6.000<\/strong><\/em><br \/>Acompa\u00f1ada de papas fritas\/ rusticas\/ doradas y arroz.<\/p>\n<p><em><strong>&#8211; Chicharr\u00f3n de cerdo $8.000<\/strong><\/em><br \/>Acompa\u00f1ada de papas fritas\/ rusticas\/ doradas y arroz.<\/p>\n<p>[\/et_pb_accordion_item][et_pb_accordion_item title=\u00bb AVE\u00bb open_toggle_text_color=\u00bb#000000&#8243; _builder_version=\u00bb4.27.3&#8243; _module_preset=\u00bbdefault\u00bb global_colors_info=\u00bb{}\u00bb toggle_text_color=\u00bb#000000&#8243; toggle_font=\u00bb|700|||||||\u00bb toggle_font_size_tablet=\u00bb\u00bb toggle_font_size_phone=\u00bb15px\u00bb toggle_font_size_last_edited=\u00bbon|phone\u00bb open=\u00bboff\u00bb]<\/p>\n<p><em><strong>&#8211; Pollo broaster $5.000<\/strong><\/em><br \/>Truto de pollo frito acompa\u00f1ado de papas fritas, arroz y\/o ensalada.<\/p>\n<p><em><strong>&#8211; Cordon blue $10.000<\/strong><\/em><br \/>Filete de pollo relleno con jamon y queso,ba\u00f1ado en salsa de champi\u00f1\u00f3n y acompa\u00f1ado de papas doradas.<\/p>\n<p><em><strong>&#8211; Salteado de pollo $8.000<\/strong><\/em><br \/>Cubitos de pollo acompa\u00f1ados de cebolla,tomate, papas fritas y arroz.<\/p>\n<p><em><strong>&#8211; Ave a lo pobre $8.000<\/strong><\/em><br \/>Filete de pollo acompa\u00f1ado de arroz perla, papas fritas, cebolla caramelizada y huevo frito.<\/p>\n<p><em><strong>&#8211; Milanesa de pollo $9.000<\/strong><\/em><br \/>Filete de pollo acompa\u00f1ado apanado acompa\u00f1ado de papas fritas, arroz y\/o ensalada.<\/p>\n<p><em><strong>&#8211; Filete de pollo a la plancha $9.000<\/strong><\/em><br \/>acompa\u00f1ado de papas fritas, arroz y\/o ensalada.<\/p>\n<p>[\/et_pb_accordion_item][et_pb_accordion_item title=\u00bbPESCADOS Y MARISCOS\u00bb open_toggle_text_color=\u00bb#000000&#8243; _builder_version=\u00bb4.27.3&#8243; _module_preset=\u00bbdefault\u00bb global_colors_info=\u00bb{}\u00bb toggle_text_color=\u00bb#000000&#8243; toggle_font=\u00bb|700|||||||\u00bb toggle_font_size_tablet=\u00bb\u00bb toggle_font_size_phone=\u00bb15px\u00bb toggle_font_size_last_edited=\u00bbon|phone\u00bb open=\u00bboff\u00bb]<\/p>\n<p><em><strong>&#8211; Ceviche cl\u00e1sico de pescado<\/strong><\/em><br \/>Suaves cortes de pescado fresco envueltas en zumo de lim\u00f3n y la mano maravillosa del chef quien le dar\u00e1 el punto de cocci\u00f3n a su gusto, p\u00eddalo con aj\u00ed o sin picante.<br \/><strong>Pescado a elecci\u00f3n:<\/strong><br \/><em>ceviche de reineta <strong>$8.000<\/strong><\/em><br \/><em>ceviche de albacora <strong>$10.000<\/strong><\/em><br \/><em>ceviche de lenguado <strong>$12.000<\/strong><\/em><\/p>\n<p><em><strong>&#8211; Risotto de mariscos $9.000<\/strong><\/em><br \/>arroz cremoso, vino blanco y frescos mariscos que har\u00e1n una explosi\u00f3n dentro de su paladar.<\/p>\n<p><em><strong>&#8211; Pescado frito y\/o a la plancha <\/strong><\/em><br \/><em><strong>Acompa\u00f1ado de arroz y papas fritas<\/strong><\/em><br \/><strong>Pescado a elecci\u00f3n:<\/strong><br \/><em>Reineta <strong>$8.000<\/strong><\/em><br \/><em>Albacora <strong>$10.000<\/strong><\/em><br \/><em>Lenguado <strong>$12.000<\/strong><\/em><\/p>\n<p><em><strong>&#8211; Pescado a lo macho (lenguado) $15.000<\/strong><\/em><br \/>Fresco filete de pescado ali\u00f1ado a nuestro estilo, cubierto de salsa con mariscos, acompa\u00f1ado de papas doradas.<\/p>\n<p><strong><em>&#8211; Pescado en salsa de camarones. (lenguado) $15.000<\/em><\/strong><br \/>Tradici\u00f3n de la casa!! un buen filete de corvina frita a la plancha cubierta con crema y camarones salteados.<\/p>\n<p><strong><em>&#8211; Arroz con Mariscos $8.000<\/em><\/strong><br \/>arroz graneado, vino blanco y frescos mariscos.<\/p>\n<p><em><strong>&#8211; Pulpo a la parrilla $13.000<\/strong><\/em><br \/>Pulpo marinado con la receta del chef, asada a la parrilla y acompa\u00f1ado de papas dorada y o legumbres asadas.<\/p>\n<p><em><strong>&#8211; Pulpo al olivo $13.000<\/strong><\/em><br \/>Pulpo ba\u00f1ado en salsa de aceituna, acompa\u00f1ado de papas dorada y o legumbres asadas.<\/p>\n<p><em><strong>&#8211; Chicharr\u00f3n Marino mixto $13.000<\/strong><\/em><br \/>trozos crocantes de pescado y mariscos aderezados a nuestro estilo acompa\u00f1ados de papas doradas y\/o ensalada.<\/p>\n<p><em><strong>&#8211; D\u00fao Marino (ceviche con arroz con mariscos) $12.000.<\/strong><\/em><\/p>\n<p><em><strong>&#8211; Trilog\u00eda Marina.(ceviche, arroz con mariscos y chicharrones de pescado) $18.000<\/strong><\/em><\/p>\n<p>[\/et_pb_accordion_item][et_pb_accordion_item title=\u00bbENTRADAS\u00bb open_toggle_text_color=\u00bb#000000&#8243; _builder_version=\u00bb4.27.3&#8243; _module_preset=\u00bbdefault\u00bb global_colors_info=\u00bb{}\u00bb toggle_text_color=\u00bb#000000&#8243; toggle_font=\u00bb|700|||||||\u00bb open=\u00bboff\u00bb]<\/p>\n<p><em><strong>&#8211; Ensalada cesar<\/strong><\/em> <strong>$5.000<\/strong><\/p>\n<p><strong><em>&#8211; Ensalada surtida <\/em>$3.500<\/strong><\/p>\n<p><em><strong>&#8211; Ensalada azape\u00f1a<\/strong><\/em> <strong>$5.000<\/strong><br \/>(choclo- palta- lechuga- aceituna)<\/p>\n<p><em><strong>&#8211; Papa a la huanca\u00edna<\/strong><\/em> <strong>$5.000<\/strong><\/p>\n<p><em><strong>&#8211; Teque\u00f1os de queso<\/strong><\/em> (8 unidades) <strong>$5.000<\/strong><\/p>\n<p><em><strong>&#8211; Palta Reina<\/strong><\/em> <strong>$5.000<\/strong><\/p>\n<p><em><strong>&#8211; Causa Lime\u00f1a<\/strong><\/em> <strong>$5.000<\/strong><\/p>\n<p><strong><em>&#8211; Causa acevichada <\/em>$7.000<\/strong><\/p>\n<p>[\/et_pb_accordion_item][\/et_pb_accordion][\/et_pb_column][\/et_pb_row][\/et_pb_section][et_pb_section fb_built=\u00bb1&#8243; make_equal=\u00bbon\u00bb use_custom_gutter=\u00bbon\u00bb gutter_width=\u00bb1&#8243; specialty=\u00bbon\u00bb bg_img_2=\u00bbhttps:\/\/terrazalacurva.fpymeayp.com\/wp-content\/uploads\/2024\/12\/Imagen-de-WhatsApp-2024-11-28-a-las-15.12.12_ea6d91cd.jpg\u00bb admin_label=\u00bbServices\u00bb _builder_version=\u00bb4.27.3&#8243; _module_preset=\u00bbdefault\u00bb custom_padding=\u00bb41px|||||\u00bb collapsed=\u00bbon\u00bb global_colors_info=\u00bb{}\u00bb][et_pb_column type=\u00bb2_3&#8243; specialty_columns=\u00bb2&#8243; _builder_version=\u00bb4.16&#8243; _module_preset=\u00bbdefault\u00bb custom_padding=\u00bb|||\u00bb global_colors_info=\u00bb{}\u00bb custom_padding__hover=\u00bb|||\u00bb][et_pb_row_inner column_structure=\u00bb1_2,1_2&#8243; use_custom_gutter=\u00bbon\u00bb gutter_width=\u00bb1&#8243; make_equal=\u00bbon\u00bb _builder_version=\u00bb4.24.0&#8243; _module_preset=\u00bbdefault\u00bb width_tablet=\u00bb\u00bb width_phone=\u00bb\u00bb width_last_edited=\u00bbon|phone\u00bb custom_padding=\u00bb0px||0px||true|false\u00bb border_width_all=\u00bb10px\u00bb border_color_all=\u00bb#FFFFFF\u00bb border_width_top=\u00bb0px\u00bb border_width_left=\u00bb0px\u00bb border_width_right_tablet=\u00bb0px\u00bb border_width_right_phone=\u00bb0px\u00bb border_width_right_last_edited=\u00bbon|tablet\u00bb global_colors_info=\u00bb{}\u00bb][et_pb_column_inner type=\u00bb1_2&#8243; saved_specialty_column_type=\u00bb2_3&#8243; _builder_version=\u00bb4.24.0&#8243; _module_preset=\u00bbdefault\u00bb border_color_all=\u00bb#FFFFFF\u00bb border_width_right=\u00bb5px\u00bb border_width_right_tablet=\u00bb0px\u00bb border_width_right_phone=\u00bb0px\u00bb border_width_right_last_edited=\u00bbon|tablet\u00bb border_width_bottom_tablet=\u00bb10px\u00bb border_width_bottom_phone=\u00bb10px\u00bb border_width_bottom_last_edited=\u00bbon|tablet\u00bb global_colors_info=\u00bb{}\u00bb][et_pb_image src=\u00bbhttps:\/\/terrazalacurva.fpymeayp.com\/wp-content\/uploads\/2024\/12\/Imagen-de-WhatsApp-2024-11-28-a-las-15.12.12_8223c66c.jpg\u00bb title_text=\u00bbImagen de WhatsApp 2024-11-28 a las 15.12.12_8223c66c\u00bb _builder_version=\u00bb4.27.3&#8243; _module_preset=\u00bbdefault\u00bb global_colors_info=\u00bb{}\u00bb][\/et_pb_image][\/et_pb_column_inner][et_pb_column_inner type=\u00bb1_2&#8243; saved_specialty_column_type=\u00bb2_3&#8243; _builder_version=\u00bb4.21.0&#8243; _module_preset=\u00bbdefault\u00bb border_color_all=\u00bb#FFFFFF\u00bb border_width_left=\u00bb5px\u00bb border_width_left_tablet=\u00bb0px\u00bb border_width_left_phone=\u00bb0px\u00bb border_width_left_last_edited=\u00bbon|tablet\u00bb global_colors_info=\u00bb{}\u00bb][et_pb_image src=\u00bbhttps:\/\/terrazalacurva.fpymeayp.com\/wp-content\/uploads\/2024\/12\/Imagen-de-WhatsApp-2024-11-28-a-las-15.12.11_b6cd048c.jpg\u00bb title_text=\u00bbImagen de WhatsApp 2024-11-28 a las 15.12.11_b6cd048c\u00bb _builder_version=\u00bb4.27.3&#8243; _module_preset=\u00bbdefault\u00bb locked=\u00bboff\u00bb global_colors_info=\u00bb{}\u00bb][\/et_pb_image][\/et_pb_column_inner][\/et_pb_row_inner][et_pb_row_inner column_structure=\u00bb1_2,1_2&#8243; use_custom_gutter=\u00bbon\u00bb gutter_width=\u00bb1&#8243; make_equal=\u00bbon\u00bb _builder_version=\u00bb4.27.3&#8243; _module_preset=\u00bbdefault\u00bb custom_margin=\u00bb9px|||||\u00bb custom_padding=\u00bb4px||4px||true|false\u00bb border_color_all=\u00bb#FFFFFF\u00bb border_width_right=\u00bb10px\u00bb border_width_all_tablet=\u00bb\u00bb border_width_all_phone=\u00bb\u00bb border_width_all_last_edited=\u00bbon|desktop\u00bb border_width_right_tablet=\u00bb0px\u00bb border_width_right_phone=\u00bb0px\u00bb border_width_right_last_edited=\u00bbon|tablet\u00bb global_colors_info=\u00bb{}\u00bb][et_pb_column_inner type=\u00bb1_2&#8243; saved_specialty_column_type=\u00bb2_3&#8243; _builder_version=\u00bb4.27.3&#8243; _module_preset=\u00bbdefault\u00bb background_color=\u00bb#6b6b6b\u00bb background_image=\u00bbhttps:\/\/terrazalacurva.fpymeayp.com\/wp-content\/uploads\/2024\/12\/Imagen-de-WhatsApp-2024-11-28-a-las-15.12.13_4a65cca9.jpg\u00bb background_blend=\u00bbmultiply\u00bb custom_padding=\u00bb30px|30px|30px|30px|true|true\u00bb custom_padding_tablet=\u00bb30px|30px|30px|30px|true|true\u00bb custom_padding_phone=\u00bb20px|20px|20px|20px|true|true\u00bb custom_padding_last_edited=\u00bbon|desktop\u00bb border_color_all=\u00bb#FFFFFF\u00bb border_width_right=\u00bb5px\u00bb border_width_right_tablet=\u00bb0px\u00bb border_width_right_phone=\u00bb0px\u00bb border_width_right_last_edited=\u00bbon|tablet\u00bb border_width_bottom_tablet=\u00bb10px\u00bb border_width_bottom_phone=\u00bb10px\u00bb border_width_bottom_last_edited=\u00bbon|tablet\u00bb global_colors_info=\u00bb{}\u00bb][et_pb_text _builder_version=\u00bb4.27.3&#8243; _module_preset=\u00bbdefault\u00bb text_font=\u00bbGilda Display||||||||\u00bb text_text_color=\u00bb#FFFFFF\u00bb text_font_size=\u00bb15px\u00bb custom_margin=\u00bb||11px|||\u00bb custom_padding=\u00bb||45px|||\u00bb global_colors_info=\u00bb{}\u00bb]<\/p>\n<p>Ofrecemos una exquisita variedad de platos de carnes, aves, pescados y mariscos, preparados con los mejores ingredientes.<br \/>Acompa\u00f1a tu elecci\u00f3n con nuestras entradas irresistibles y disfruta de una experiencia culinaria \u00fanica. \u00a1Te esperamos<\/p>\n<p>[\/et_pb_text][et_pb_button button_url=\u00bbhttps:\/\/wa.me\/+56978790073?text=Hola%20quiero%20m\u00e1s%20informaci\u00f3n%20&#8243; url_new_window=\u00bbon\u00bb button_text=\u00bbContactar\u00bb _builder_version=\u00bb4.27.3&#8243; _module_preset=\u00bbdefault\u00bb custom_button=\u00bbon\u00bb button_text_color=\u00bb#FFFFFF\u00bb button_bg_color=\u00bb#cba757&#8243; button_border_color=\u00bb#cba757&#8243; button_font=\u00bbGilda Display|700|||||||\u00bb hover_enabled=\u00bb0&#8243; global_colors_info=\u00bb{}\u00bb sticky_enabled=\u00bb0&#8243;][\/et_pb_button][\/et_pb_column_inner][et_pb_column_inner type=\u00bb1_2&#8243; saved_specialty_column_type=\u00bb2_3&#8243; _builder_version=\u00bb4.27.3&#8243; _module_preset=\u00bbdefault\u00bb background_image=\u00bbhttps:\/\/terrazalacurva.fpymeayp.com\/wp-content\/uploads\/2024\/12\/Imagen-de-WhatsApp-2024-11-28-a-las-15.12.13_092823ca.jpg\u00bb border_color_all=\u00bb#FFFFFF\u00bb border_width_left=\u00bb5px\u00bb border_width_bottom_tablet=\u00bb10px\u00bb border_width_bottom_phone=\u00bb10px\u00bb border_width_bottom_last_edited=\u00bbon|tablet\u00bb border_width_left_tablet=\u00bb0px\u00bb border_width_left_phone=\u00bb0px\u00bb border_width_left_last_edited=\u00bbon|tablet\u00bb global_colors_info=\u00bb{%22gcid-9c2b1d03-730f-4a4a-96c1-7a483c6994a2%22:%91%22background_color%22%93}\u00bb][et_pb_divider show_divider=\u00bboff\u00bb _builder_version=\u00bb4.21.0&#8243; _module_preset=\u00bbdefault\u00bb height_tablet=\u00bb64vw\u00bb height_phone=\u00bb64vw\u00bb height_last_edited=\u00bbon|desktop\u00bb locked=\u00bboff\u00bb global_colors_info=\u00bb{}\u00bb][\/et_pb_divider][\/et_pb_column_inner][\/et_pb_row_inner][\/et_pb_column][et_pb_column type=\u00bb1_3&#8243; _builder_version=\u00bb4.16&#8243; _module_preset=\u00bbdefault\u00bb custom_padding=\u00bb|||\u00bb global_colors_info=\u00bb{}\u00bb custom_padding__hover=\u00bb|||\u00bb][et_pb_image _builder_version=\u00bb4.21.0&#8243; _module_preset=\u00bbdefault\u00bb global_colors_info=\u00bb{}\u00bb][\/et_pb_image][\/et_pb_column][\/et_pb_section]<\/p>\n","protected":false},"excerpt":{"rendered":"<p>PLATOS A LA CARTATERRAZA LA CURVAVALLE DE AZAPA KM 6 Y MEDIO- Lomo salteado $15.000cortes de lomo flameados con cebolla,tomate, servidos junto a crocantes papas fritas y graneado arroz. &#8211; Fetuchini en salsa (a elecci\u00f3n) acompa\u00f1ados de lomo salteado $15.000cl\u00e1sico a base de filete saltado con pasta italiana de fetuchinni en crema huanca\u00edna o salsa [&hellip;]<\/p>\n","protected":false},"author":1,"featured_media":0,"parent":0,"menu_order":0,"comment_status":"closed","ping_status":"closed","template":"","meta":{"_et_pb_use_builder":"on","_et_pb_old_content":"","_et_gb_content_width":"","footnotes":""},"class_list":["post-10","page","type-page","status-publish","hentry"],"_links":{"self":[{"href":"https:\/\/terrazalacurva.fpymeayp.com\/index.php?rest_route=\/wp\/v2\/pages\/10","targetHints":{"allow":["GET"]}}],"collection":[{"href":"https:\/\/terrazalacurva.fpymeayp.com\/index.php?rest_route=\/wp\/v2\/pages"}],"about":[{"href":"https:\/\/terrazalacurva.fpymeayp.com\/index.php?rest_route=\/wp\/v2\/types\/page"}],"author":[{"embeddable":true,"href":"https:\/\/terrazalacurva.fpymeayp.com\/index.php?rest_route=\/wp\/v2\/users\/1"}],"replies":[{"embeddable":true,"href":"https:\/\/terrazalacurva.fpymeayp.com\/index.php?rest_route=%2Fwp%2Fv2%2Fcomments&post=10"}],"version-history":[{"count":28,"href":"https:\/\/terrazalacurva.fpymeayp.com\/index.php?rest_route=\/wp\/v2\/pages\/10\/revisions"}],"predecessor-version":[{"id":112,"href":"https:\/\/terrazalacurva.fpymeayp.com\/index.php?rest_route=\/wp\/v2\/pages\/10\/revisions\/112"}],"wp:attachment":[{"href":"https:\/\/terrazalacurva.fpymeayp.com\/index.php?rest_route=%2Fwp%2Fv2%2Fmedia&parent=10"}],"curies":[{"name":"wp","href":"https:\/\/api.w.org\/{rel}","templated":true}]}}